{"id":9666,"date":"2024-12-04T23:29:55","date_gmt":"2024-12-04T22:29:55","guid":{"rendered":"http:\/\/facelift.klima-kontor.de\/?page_id=9666"},"modified":"2024-12-04T23:29:55","modified_gmt":"2024-12-04T22:29:55","slug":"climate-team","status":"publish","type":"page","link":"https:\/\/klima-kontor.de\/en\/climate-team\/","title":{"rendered":"Climate Team"},"content":{"rendered":"\t\t<div data-elementor-type=\"wp-page\" data-elementor-id=\"9666\" class=\"elementor elementor-9666\" data-elementor-post-type=\"page\">\n\t\t\t\t\t\t<section class=\"elementor-section elementor-top-section elementor-element elementor-element-c3fbf70 elementor-section-full_width elementor-section-height-default elementor-section-height-default\" data-id=\"c3fbf70\" data-element_type=\"section\" data-e-type=\"section\">\n\t\t\t\t\t\t<div class=\"elementor-container elementor-column-gap-no\">\n\t\t\t\t\t<div class=\"elementor-column elementor-col-100 elementor-top-column elementor-element elementor-element-47cac5a\" data-id=\"47cac5a\" data-element_type=\"column\" data-e-type=\"column\">\n\t\t\t<div class=\"elementor-widget-wrap elementor-element-populated\">\n\t\t\t\t\t\t<div class=\"elementor-element elementor-element-932da09 elementor-widget elementor-widget-premium-addon-banner\" data-id=\"932da09\" data-element_type=\"widget\" data-e-type=\"widget\" data-widget_type=\"premium-addon-banner.default\">\n\t\t\t\t<div class=\"elementor-widget-container\">\n\t\t\t\t\t\t\t<div class=\"premium-banner-ib premium-banner-min-height premium-banner-animation1 bright active premium-banner__effect-type2\">\n\t\t\t\t\t\t\t\t\t\t<img fetchpriority=\"high\" decoding=\"async\" width=\"1920\" height=\"840\" src=\"https:\/\/klima-kontor.de\/wp-content\/uploads\/2024\/11\/\u00a9sutadimages_AdobeStock_274095365.webp\" class=\"attachment-full size-full wp-image-9230\" alt=\"\" srcset=\"https:\/\/klima-kontor.de\/wp-content\/uploads\/2024\/11\/\u00a9sutadimages_AdobeStock_274095365.webp 1920w, https:\/\/klima-kontor.de\/wp-content\/uploads\/2024\/11\/\u00a9sutadimages_AdobeStock_274095365-300x131.webp 300w, https:\/\/klima-kontor.de\/wp-content\/uploads\/2024\/11\/\u00a9sutadimages_AdobeStock_274095365-1024x448.webp 1024w, https:\/\/klima-kontor.de\/wp-content\/uploads\/2024\/11\/\u00a9sutadimages_AdobeStock_274095365-768x336.webp 768w, https:\/\/klima-kontor.de\/wp-content\/uploads\/2024\/11\/\u00a9sutadimages_AdobeStock_274095365-1536x672.webp 1536w\" sizes=\"(max-width: 1920px) 100vw, 1920px\" \/>\t\t\t\t\t\t\t\t\t<div class=\"premium-banner-ib-desc\">\n\t\t\t\t\n\t\t\t\t\n\t\t\t\t\n\t\t\t\t\n\t\t\t\t\t\t\t<\/div>\n\t\t\t\t\t<\/div>\n\n\t\t\t\t\t\t<\/div>\n\t\t\t\t<\/div>\n\t\t\t\t\t<\/div>\n\t\t<\/div>\n\t\t\t\t\t<\/div>\n\t\t<\/section>\n\t\t\t\t<section class=\"elementor-section elementor-top-section elementor-element elementor-element-5a95aee elementor-section-full_width elementor-section-height-default elementor-section-height-default\" data-id=\"5a95aee\" data-element_type=\"section\" data-e-type=\"section\" data-settings=\"{&quot;motion_fx_motion_fx_scrolling&quot;:&quot;yes&quot;,&quot;background_background&quot;:&quot;gradient&quot;,&quot;motion_fx_devices&quot;:[&quot;widescreen&quot;,&quot;desktop&quot;,&quot;laptop&quot;,&quot;tablet&quot;,&quot;mobile&quot;]}\">\n\t\t\t\t\t\t<div class=\"elementor-container elementor-column-gap-default\">\n\t\t\t\t\t<div class=\"elementor-column elementor-col-50 elementor-top-column elementor-element elementor-element-52b29ef\" data-id=\"52b29ef\" data-element_type=\"column\" data-e-type=\"column\" data-settings=\"{&quot;background_background&quot;:&quot;classic&quot;}\">\n\t\t\t<div class=\"elementor-widget-wrap\">\n\t\t\t\t\t\t\t<\/div>\n\t\t<\/div>\n\t\t\t\t<div class=\"elementor-column elementor-col-50 elementor-top-column elementor-element elementor-element-3d2813e\" data-id=\"3d2813e\" data-element_type=\"column\" data-e-type=\"column\">\n\t\t\t<div class=\"elementor-widget-wrap elementor-element-populated\">\n\t\t\t\t\t\t<section class=\"elementor-section elementor-inner-section elementor-element elementor-element-5dd2f0c elementor-section-full_width elementor-section-height-default elementor-section-height-default\" data-id=\"5dd2f0c\" data-element_type=\"section\" data-e-type=\"section\">\n\t\t\t\t\t\t<div class=\"elementor-container elementor-column-gap-no\">\n\t\t\t\t\t<div class=\"elementor-column elementor-col-100 elementor-inner-column elementor-element elementor-element-16f6dae\" data-id=\"16f6dae\" data-element_type=\"column\" data-e-type=\"column\">\n\t\t\t<div class=\"elementor-widget-wrap elementor-element-populated\">\n\t\t\t\t\t\t<div class=\"elementor-element elementor-element-6867dec elementor-widget elementor-widget-spacer\" data-id=\"6867dec\" data-element_type=\"widget\" data-e-type=\"widget\" data-widget_type=\"spacer.default\">\n\t\t\t\t<div class=\"elementor-widget-container\">\n\t\t\t\t\t\t\t<div class=\"elementor-spacer\">\n\t\t\t<div class=\"elementor-spacer-inner\"><\/div>\n\t\t<\/div>\n\t\t\t\t\t\t<\/div>\n\t\t\t\t<\/div>\n\t\t\t\t<div class=\"elementor-element elementor-element-55bdd98 elementor-headline--style-highlight elementor-widget elementor-widget-animated-headline\" data-id=\"55bdd98\" data-element_type=\"widget\" data-e-type=\"widget\" data-settings=\"{&quot;marker&quot;:&quot;underline&quot;,&quot;highlighted_text&quot;:&quot;Team&quot;,&quot;headline_style&quot;:&quot;highlight&quot;,&quot;loop&quot;:&quot;yes&quot;,&quot;highlight_animation_duration&quot;:1200,&quot;highlight_iteration_delay&quot;:8000}\" data-widget_type=\"animated-headline.default\">\n\t\t\t\t<div class=\"elementor-widget-container\">\n\t\t\t\t\t\t\t<h1 class=\"elementor-headline\">\n\t\t\t\t\t<span class=\"elementor-headline-plain-text elementor-headline-text-wrapper\">Climate<br><\/span>\n\t\t\t\t<span class=\"elementor-headline-dynamic-wrapper elementor-headline-text-wrapper\">\n\t\t\t\t\t<span class=\"elementor-headline-dynamic-text elementor-headline-text-active\">Team<\/span>\n\t\t\t\t<\/span>\n\t\t\t\t<\/h1>\n\t\t\t\t\t\t<\/div>\n\t\t\t\t<\/div>\n\t\t\t\t<div class=\"elementor-element elementor-element-c9f58f7 elementor-invisible elementor-widget elementor-widget-text-editor\" data-id=\"c9f58f7\" data-element_type=\"widget\" data-e-type=\"widget\" data-settings=\"{&quot;_animation&quot;:&quot;fadeInRight&quot;}\" data-widget_type=\"text-editor.default\">\n\t\t\t\t<div class=\"elementor-widget-container\">\n\t\t\t\t\t\t\t\t\t<p>Text<\/p>\n\t\t\t\t\t\t\t\t<\/div>\n\t\t\t\t<\/div>\n\t\t\t\t\t<\/div>\n\t\t<\/div>\n\t\t\t\t\t<\/div>\n\t\t<\/section>\n\t\t\t\t\t<\/div>\n\t\t<\/div>\n\t\t\t\t\t<\/div>\n\t\t<\/section>\n\t\t\t\t<section class=\"elementor-section elementor-top-section elementor-element elementor-element-b21ab01 elementor-section-boxed elementor-section-height-default elementor-section-height-default\" data-id=\"b21ab01\" data-element_type=\"section\" data-e-type=\"section\" data-settings=\"{&quot;background_background&quot;:&quot;classic&quot;}\">\n\t\t\t\t\t\t<div class=\"elementor-container elementor-column-gap-default\">\n\t\t\t\t\t<div class=\"elementor-column elementor-col-100 elementor-top-column elementor-element elementor-element-a1fb8c0\" data-id=\"a1fb8c0\" data-element_type=\"column\" data-e-type=\"column\">\n\t\t\t<div class=\"elementor-widget-wrap elementor-element-populated\">\n\t\t\t\t\t\t<div class=\"elementor-element elementor-element-359255a elementor-headline--style-highlight elementor-widget elementor-widget-animated-headline\" data-id=\"359255a\" data-element_type=\"widget\" data-e-type=\"widget\" data-settings=\"{&quot;marker&quot;:&quot;underline&quot;,&quot;highlighted_text&quot;:&quot;Press&quot;,&quot;headline_style&quot;:&quot;highlight&quot;,&quot;loop&quot;:&quot;yes&quot;,&quot;highlight_animation_duration&quot;:1200,&quot;highlight_iteration_delay&quot;:8000}\" data-widget_type=\"animated-headline.default\">\n\t\t\t\t<div class=\"elementor-widget-container\">\n\t\t\t\t\t\t\t<h1 class=\"elementor-headline\">\n\t\t\t\t\t<span class=\"elementor-headline-plain-text elementor-headline-text-wrapper\">Climate-<br><\/span>\n\t\t\t\t<span class=\"elementor-headline-dynamic-wrapper elementor-headline-text-wrapper\">\n\t\t\t\t\t<span class=\"elementor-headline-dynamic-text elementor-headline-text-active\">Press<\/span>\n\t\t\t\t<\/span>\n\t\t\t\t<\/h1>\n\t\t\t\t\t\t<\/div>\n\t\t\t\t<\/div>\n\t\t\t\t<div class=\"elementor-element elementor-element-a9f741f premium-blog__carousel-yes premium-blog-align-left elementor-widget elementor-widget-premium-addon-blog\" data-id=\"a9f741f\" data-element_type=\"widget\" data-e-type=\"widget\" data-settings=\"{&quot;force_height&quot;:&quot;true&quot;,&quot;premium_blog_carousel&quot;:&quot;yes&quot;,&quot;premium_blog_carousel_play&quot;:&quot;yes&quot;,&quot;premium_blog_carousel_center&quot;:&quot;yes&quot;,&quot;premium_blog_carousel_dots&quot;:&quot;yes&quot;,&quot;premium_blog_columns_number&quot;:&quot;33.33%&quot;,&quot;premium_blog_grid&quot;:&quot;yes&quot;,&quot;premium_blog_layout&quot;:&quot;even&quot;,&quot;premium_blog_columns_number_tablet&quot;:&quot;50%&quot;,&quot;premium_blog_columns_number_mobile&quot;:&quot;100%&quot;,&quot;premium_blog_carousel_autoplay_speed&quot;:5000,&quot;carousel_speed&quot;:300,&quot;premium_blog_carousel_spacing&quot;:&quot;15&quot;}\" data-widget_type=\"premium-addon-blog.default\">\n\t\t\t\t<div class=\"elementor-widget-container\">\n\t\t\t\t\t\n\t\t\n\n\t\t\t\t<div class=\"premium-blog-wrap  premium-blog-even premium-carousel-hidden\" data-page=\"9666\">\n\t\t\t\t\t\t\t\t\t<div class=\"premium-blog-post-outer-container\" data-total=\"1\">\n\t\t\t<div class=\"premium-blog-post-container premium-blog-skin-modern\">\n\t\t\t\t\t\t\t\t\t<div class=\"premium-blog-thumb-effect-wrapper\">\n\t\t\t\t\t\t<div class=\"premium-blog-thumbnail-container premium-blog-bright-effect\">\n\t\t\t\t\t\t\t\t\t\t\t<a href=\"https:\/\/klima-kontor.de\/en\/2024\/12\/05\/focus-on-energy-efficiency-new-urgent-obligations-for-the-bakery-and-food-industry-with-the-support-of-klima-kontor\/\" target=\"_self\">\n\t\t\t\t<img decoding=\"async\" width=\"1024\" height=\"1024\" src=\"https:\/\/klima-kontor.de\/wp-content\/uploads\/2024\/03\/204-03-31_Energieeffizienz-im-Fokus.webp\" class=\"attachment-full size-full wp-image-8402\" alt=\"\" srcset=\"https:\/\/klima-kontor.de\/wp-content\/uploads\/2024\/03\/204-03-31_Energieeffizienz-im-Fokus.webp 1024w, https:\/\/klima-kontor.de\/wp-content\/uploads\/2024\/03\/204-03-31_Energieeffizienz-im-Fokus-300x300.webp 300w, https:\/\/klima-kontor.de\/wp-content\/uploads\/2024\/03\/204-03-31_Energieeffizienz-im-Fokus-150x150.webp 150w, https:\/\/klima-kontor.de\/wp-content\/uploads\/2024\/03\/204-03-31_Energieeffizienz-im-Fokus-768x768.webp 768w\" sizes=\"(max-width: 1024px) 100vw, 1024px\" \/>\t\t\t\t<\/a>\n\t\t\t\t\t\t\t\t\t\t<\/div>\n\t\t\t\t\t\t\t\t\t\t\t\t\t<div class=\"premium-blog-effect-container premium-blog-bordered-effect\">\n\t\t\t\t\t\t\t\t<a class=\"premium-blog-post-link\" href=\"https:\/\/klima-kontor.de\/en\/2024\/12\/05\/focus-on-energy-efficiency-new-urgent-obligations-for-the-bakery-and-food-industry-with-the-support-of-klima-kontor\/\" target=\"_self\"><span>Focus on energy efficiency &#8211; New, urgent obligations for the bakery and food industry with the support of Klima Kontor<\/span><\/a>\n\t\t\t\t\t\t\t\t\t\t\t\t\t\t\t<\/div>\n\t\t\t\t\t\t\t\t\t\t\t<\/div>\n\t\t\t\t\t\t\t\t\t\t\t\t<div class=\"premium-blog-content-wrapper \">\n\n\t\t\t\t\t<div class=\"premium-blog-inner-container\">\n\n\t\t\t\t\t\t\t\t\t\t\t\t\t\t<h2 class=\"premium-blog-entry-title\">\n\t\t\t<a href=\"https:\/\/klima-kontor.de\/en\/2024\/12\/05\/focus-on-energy-efficiency-new-urgent-obligations-for-the-bakery-and-food-industry-with-the-support-of-klima-kontor\/\" target=\"_self\">\n\t\t\t\tFocus on energy efficiency &#8211; New, urgent obligations for the bakery and food industry with the support of Klima Kontor\t\t\t<\/a>\n\t\t<\/h2>\n\t\t\t\t<div class=\"premium-blog-entry-meta\">\n\t\t\t\n\t\t\t\t\t\t\t<span class=\"premium-blog-meta-separator\">\u2022<\/span>\n\t\t\t\t<div class=\"premium-blog-post-time premium-blog-meta-data\">\n\t\t\t\t\t<i class=\"fa fa-calendar-alt\" aria-hidden=\"true\"><\/i>\n\t\t\t\t\t<span>5. December 2024<\/span>\n\t\t\t\t<\/div>\n\t\t\t\n\t\t\t\n\t\t\t\t\t<\/div>\n\t\t\n\t\t\t\t\t<\/div>\n\n\t\t\t\t\t\t\t<div class=\"premium-blog-content-inner-wrapper\">\n\t\t<p class=\"premium-blog-post-content\">Red alert for the bakery and food industry!\n\nThe clock is ticking inexorably: with the introduction of the new Energy Efficiency Act (EnEfG), we are facing a turning point that requires decisive action.<\/p>\t\t<\/div>\n\t\t\t\t\t\t\t\n\t\t\t\t<\/div>\n\t\t\t<\/div>\n\t\t<\/div>\n\n\t\t\t\t<div class=\"premium-blog-post-outer-container\" data-total=\"1\">\n\t\t\t<div class=\"premium-blog-post-container premium-blog-skin-modern\">\n\t\t\t\t\t\t\t\t\t<div class=\"premium-blog-thumb-effect-wrapper\">\n\t\t\t\t\t\t<div class=\"premium-blog-thumbnail-container premium-blog-bright-effect\">\n\t\t\t\t\t\t\t\t\t\t\t<a href=\"https:\/\/klima-kontor.de\/en\/2024\/12\/05\/subsidies-and-sustainable-investments-with-klima-kontor\/\" target=\"_self\">\n\t\t\t\t<img decoding=\"async\" width=\"1024\" height=\"1024\" src=\"https:\/\/klima-kontor.de\/wp-content\/uploads\/2024\/04\/2024-04_\u00a9-Bartek_AdobeStock_747970416.webp\" class=\"attachment-full size-full wp-image-8436\" alt=\"\" srcset=\"https:\/\/klima-kontor.de\/wp-content\/uploads\/2024\/04\/2024-04_\u00a9-Bartek_AdobeStock_747970416.webp 1024w, https:\/\/klima-kontor.de\/wp-content\/uploads\/2024\/04\/2024-04_\u00a9-Bartek_AdobeStock_747970416-300x300.webp 300w, https:\/\/klima-kontor.de\/wp-content\/uploads\/2024\/04\/2024-04_\u00a9-Bartek_AdobeStock_747970416-150x150.webp 150w, https:\/\/klima-kontor.de\/wp-content\/uploads\/2024\/04\/2024-04_\u00a9-Bartek_AdobeStock_747970416-768x768.webp 768w\" sizes=\"(max-width: 1024px) 100vw, 1024px\" \/>\t\t\t\t<\/a>\n\t\t\t\t\t\t\t\t\t\t<\/div>\n\t\t\t\t\t\t\t\t\t\t\t\t\t<div class=\"premium-blog-effect-container premium-blog-bordered-effect\">\n\t\t\t\t\t\t\t\t<a class=\"premium-blog-post-link\" href=\"https:\/\/klima-kontor.de\/en\/2024\/12\/05\/subsidies-and-sustainable-investments-with-klima-kontor\/\" target=\"_self\"><span>Subsidies and sustainable investments with Klima Kontor<\/span><\/a>\n\t\t\t\t\t\t\t\t\t\t\t\t\t\t\t<\/div>\n\t\t\t\t\t\t\t\t\t\t\t<\/div>\n\t\t\t\t\t\t\t\t\t\t\t\t<div class=\"premium-blog-content-wrapper \">\n\n\t\t\t\t\t<div class=\"premium-blog-inner-container\">\n\n\t\t\t\t\t\t\t\t\t\t\t\t\t\t<h2 class=\"premium-blog-entry-title\">\n\t\t\t<a href=\"https:\/\/klima-kontor.de\/en\/2024\/12\/05\/subsidies-and-sustainable-investments-with-klima-kontor\/\" target=\"_self\">\n\t\t\t\tSubsidies and sustainable investments with Klima Kontor\t\t\t<\/a>\n\t\t<\/h2>\n\t\t\t\t<div class=\"premium-blog-entry-meta\">\n\t\t\t\n\t\t\t\t\t\t\t<span class=\"premium-blog-meta-separator\">\u2022<\/span>\n\t\t\t\t<div class=\"premium-blog-post-time premium-blog-meta-data\">\n\t\t\t\t\t<i class=\"fa fa-calendar-alt\" aria-hidden=\"true\"><\/i>\n\t\t\t\t\t<span>5. December 2024<\/span>\n\t\t\t\t<\/div>\n\t\t\t\n\t\t\t\n\t\t\t\t\t<\/div>\n\t\t\n\t\t\t\t\t<\/div>\n\n\t\t\t\t\t\t\t<div class=\"premium-blog-content-inner-wrapper\">\n\t\t<p class=\"premium-blog-post-content\">New features in the EEW grant programme. The Federal Office of Economics and Export Control (BAFA) is providing a strong incentive for companies to invest in sustainable technologies with the revision of the \u2018Federal Funding for Energy and Resource Efficiency in the Economy\u2019 (EEW) programme.<\/p>\t\t<\/div>\n\t\t\t\t\t\t\t\n\t\t\t\t<\/div>\n\t\t\t<\/div>\n\t\t<\/div>\n\n\t\t\t\t<div class=\"premium-blog-post-outer-container\" data-total=\"1\">\n\t\t\t<div class=\"premium-blog-post-container premium-blog-skin-modern\">\n\t\t\t\t\t\t\t\t\t<div class=\"premium-blog-thumb-effect-wrapper\">\n\t\t\t\t\t\t<div class=\"premium-blog-thumbnail-container premium-blog-bright-effect\">\n\t\t\t\t\t\t\t\t\t\t\t<a href=\"https:\/\/klima-kontor.de\/en\/2024\/12\/04\/dear-property-owners\/\" target=\"_self\">\n\t\t\t\t<img loading=\"lazy\" decoding=\"async\" width=\"1024\" height=\"1024\" src=\"https:\/\/klima-kontor.de\/wp-content\/uploads\/2024\/04\/2024-04_\u00a9-Atchariya63_AdobeStock_728441913.webp\" class=\"attachment-full size-full wp-image-8438\" alt=\"\" srcset=\"https:\/\/klima-kontor.de\/wp-content\/uploads\/2024\/04\/2024-04_\u00a9-Atchariya63_AdobeStock_728441913.webp 1024w, https:\/\/klima-kontor.de\/wp-content\/uploads\/2024\/04\/2024-04_\u00a9-Atchariya63_AdobeStock_728441913-300x300.webp 300w, https:\/\/klima-kontor.de\/wp-content\/uploads\/2024\/04\/2024-04_\u00a9-Atchariya63_AdobeStock_728441913-150x150.webp 150w, https:\/\/klima-kontor.de\/wp-content\/uploads\/2024\/04\/2024-04_\u00a9-Atchariya63_AdobeStock_728441913-768x768.webp 768w\" sizes=\"(max-width: 1024px) 100vw, 1024px\" \/>\t\t\t\t<\/a>\n\t\t\t\t\t\t\t\t\t\t<\/div>\n\t\t\t\t\t\t\t\t\t\t\t\t\t<div class=\"premium-blog-effect-container premium-blog-bordered-effect\">\n\t\t\t\t\t\t\t\t<a class=\"premium-blog-post-link\" href=\"https:\/\/klima-kontor.de\/en\/2024\/12\/04\/dear-property-owners\/\" target=\"_self\"><span>Dear property owners<\/span><\/a>\n\t\t\t\t\t\t\t\t\t\t\t\t\t\t\t<\/div>\n\t\t\t\t\t\t\t\t\t\t\t<\/div>\n\t\t\t\t\t\t\t\t\t\t\t\t<div class=\"premium-blog-content-wrapper \">\n\n\t\t\t\t\t<div class=\"premium-blog-inner-container\">\n\n\t\t\t\t\t\t\t\t\t\t\t\t\t\t<h2 class=\"premium-blog-entry-title\">\n\t\t\t<a href=\"https:\/\/klima-kontor.de\/en\/2024\/12\/04\/dear-property-owners\/\" target=\"_self\">\n\t\t\t\tDear property owners\t\t\t<\/a>\n\t\t<\/h2>\n\t\t\t\t<div class=\"premium-blog-entry-meta\">\n\t\t\t\n\t\t\t\t\t\t\t<span class=\"premium-blog-meta-separator\">\u2022<\/span>\n\t\t\t\t<div class=\"premium-blog-post-time premium-blog-meta-data\">\n\t\t\t\t\t<i class=\"fa fa-calendar-alt\" aria-hidden=\"true\"><\/i>\n\t\t\t\t\t<span>4. December 2024<\/span>\n\t\t\t\t<\/div>\n\t\t\t\n\t\t\t\n\t\t\t\t\t<\/div>\n\t\t\n\t\t\t\t\t<\/div>\n\n\t\t\t\t\t\t\t<div class=\"premium-blog-content-inner-wrapper\">\n\t\t<p class=\"premium-blog-post-content\">As 2024 approaches, we are facing an unprecedented wave of legal innovations in the field of energy efficiency and sustainability that require immediate and decisive action. These developments give us access to a multitude of new opportunities, but also entail obligations that we must not ignore.<\/p>\t\t<\/div>\n\t\t\t\t\t\t\t\n\t\t\t\t<\/div>\n\t\t\t<\/div>\n\t\t<\/div>\n\n\t\t\t\t\t\t\t<\/div>\n\n\t\t\n\t\t\n\t\t\t\t\t\t<\/div>\n\t\t\t\t<\/div>\n\t\t\t\t\t<\/div>\n\t\t<\/div>\n\t\t\t\t\t<\/div>\n\t\t<\/section>\n\t\t\t\t<section class=\"elementor-section elementor-top-section elementor-element elementor-element-a6e17e0 elementor-section-full_width elementor-section-height-default elementor-section-height-default\" data-id=\"a6e17e0\" data-element_type=\"section\" data-e-type=\"section\" data-settings=\"{&quot;background_background&quot;:&quot;classic&quot;}\">\n\t\t\t\t\t\t<div class=\"elementor-container elementor-column-gap-default\">\n\t\t\t\t\t<div class=\"elementor-column elementor-col-100 elementor-top-column elementor-element elementor-element-fcda0fd\" data-id=\"fcda0fd\" data-element_type=\"column\" data-e-type=\"column\">\n\t\t\t<div class=\"elementor-widget-wrap elementor-element-populated\">\n\t\t\t\t\t\t<div class=\"elementor-element elementor-element-fcc8a14 elementor-widget elementor-widget-spacer\" data-id=\"fcc8a14\" data-element_type=\"widget\" data-e-type=\"widget\" data-widget_type=\"spacer.default\">\n\t\t\t\t<div class=\"elementor-widget-container\">\n\t\t\t\t\t\t\t<div class=\"elementor-spacer\">\n\t\t\t<div class=\"elementor-spacer-inner\"><\/div>\n\t\t<\/div>\n\t\t\t\t\t\t<\/div>\n\t\t\t\t<\/div>\n\t\t\t\t\t<\/div>\n\t\t<\/div>\n\t\t\t\t\t<\/div>\n\t\t<\/section>\n\t\t\t\t<\/div>\n\t\t","protected":false},"excerpt":{"rendered":"<p>Climate Team Text Climate- Press Zusch\u00fcsse und nachhaltige Investitionen mit Klima Kontor Zusch\u00fcsse und nachhaltige Investitionen mit Klima Kontor \u2022 1. April 2024 Neuerungen im EEW-Zuschussprogramm. Das Bundesamt f\u00fcr Wirtschaft und Ausfuhrkontrolle (BAFA) setzt mit der \u00dcberarbeitung des &#8220;Bundesf\u00f6rderung f\u00fcr Energie- und Ressourceneffizienz in der Wirtschaft&#8221; (EEW) Programms einen starken Anreiz f\u00fcr Unternehmen, in nachhaltige [&hellip;]<\/p>\n","protected":false},"author":2,"featured_media":0,"parent":0,"menu_order":0,"comment_status":"closed","ping_status":"closed","template":"elementor_header_footer","meta":{"site-sidebar-layout":"no-sidebar","site-content-layout":"page-builder","ast-site-content-layout":"full-width-container","site-content-style":"unboxed","site-sidebar-style":"unboxed","ast-global-header-display":"","ast-banner-title-visibility":"","ast-main-header-display":"","ast-hfb-above-header-display":"","ast-hfb-below-header-display":"","ast-hfb-mobile-header-display":"","site-post-title":"disabled","ast-breadcrumbs-content":"","ast-featured-img":"disabled","footer-sml-layout":"","ast-disable-related-posts":"","theme-transparent-header-meta":"default","adv-header-id-meta":"","stick-header-meta":"","header-above-stick-meta":"","header-main-stick-meta":"","header-below-stick-meta":"","astra-migrate-meta-layouts":"default","ast-page-background-enabled":"default","ast-page-background-meta":{"desktop":{"background-color":"","background-image":"","background-repeat":"repeat","background-position":"center center","background-size":"auto","background-attachment":"scroll","background-type":"","background-media":"","overlay-type":"","overlay-color":"","overlay-opacity":"","overlay-gradient":""},"tablet":{"background-color":"","background-image":"","background-repeat":"repeat","background-position":"center center","background-size":"auto","background-attachment":"scroll","background-type":"","background-media":"","overlay-type":"","overlay-color":"","overlay-opacity":"","overlay-gradient":""},"mobile":{"background-color":"","background-image":"","background-repeat":"repeat","background-position":"center center","background-size":"auto","background-attachment":"scroll","background-type":"","background-media":"","overlay-type":"","overlay-color":"","overlay-opacity":"","overlay-gradient":""}},"ast-content-background-meta":{"desktop":{"background-color":"var(--ast-global-color-5)","background-image":"","background-repeat":"repeat","background-position":"center center","background-size":"auto","background-attachment":"scroll","background-type":"","background-media":"","overlay-type":"","overlay-color":"","overlay-opacity":"","overlay-gradient":""},"tablet":{"background-color":"var(--ast-global-color-5)","background-image":"","background-repeat":"repeat","background-position":"center center","background-size":"auto","background-attachment":"scroll","background-type":"","background-media":"","overlay-type":"","overlay-color":"","overlay-opacity":"","overlay-gradient":""},"mobile":{"background-color":"var(--ast-global-color-5)","background-image":"","background-repeat":"repeat","background-position":"center center","background-size":"auto","background-attachment":"scroll","background-type":"","background-media":"","overlay-type":"","overlay-color":"","overlay-opacity":"","overlay-gradient":""}},"footnotes":""},"class_list":["post-9666","page","type-page","status-publish","hentry"],"_links":{"self":[{"href":"https:\/\/klima-kontor.de\/en\/wp-json\/wp\/v2\/pages\/9666","targetHints":{"allow":["GET"]}}],"collection":[{"href":"https:\/\/klima-kontor.de\/en\/wp-json\/wp\/v2\/pages"}],"about":[{"href":"https:\/\/klima-kontor.de\/en\/wp-json\/wp\/v2\/types\/page"}],"author":[{"embeddable":true,"href":"https:\/\/klima-kontor.de\/en\/wp-json\/wp\/v2\/users\/2"}],"replies":[{"embeddable":true,"href":"https:\/\/klima-kontor.de\/en\/wp-json\/wp\/v2\/comments?post=9666"}],"version-history":[{"count":1,"href":"https:\/\/klima-kontor.de\/en\/wp-json\/wp\/v2\/pages\/9666\/revisions"}],"predecessor-version":[{"id":10119,"href":"https:\/\/klima-kontor.de\/en\/wp-json\/wp\/v2\/pages\/9666\/revisions\/10119"}],"wp:attachment":[{"href":"https:\/\/klima-kontor.de\/en\/wp-json\/wp\/v2\/media?parent=9666"}],"curies":[{"name":"wp","href":"https:\/\/api.w.org\/{rel}","templated":true}]}}